{"id":2503,"date":"2023-11-17T13:16:33","date_gmt":"2023-11-17T12:16:33","guid":{"rendered":"https:\/\/www.ummel.de\/ummel\/?page_id=2503"},"modified":"2025-10-03T10:54:50","modified_gmt":"2025-10-03T08:54:50","slug":"lauftreff","status":"publish","type":"page","link":"https:\/\/www.ummel.de\/ummel\/lauftreff\/","title":{"rendered":"Lauftreff"},"content":{"rendered":"\n<p class=\"has-black-color has-text-color has-link-color wp-elements-221a9d692f463c57f61e7e032bdcf748\">Wir treffen uns donnerstags zum Laufen und sitzen im Anschluss sitzen gem\u00fctlich zusammen.<\/p>\n\n\n\n<p class=\"has-black-color has-text-color has-link-color wp-elements-76262cae77da7fc6fe2c2860f170d44f\"><strong>Wann:<\/strong> Wir treffen uns Donnerstags ab 18:15 Uhr in Hepstedt im Sporthaus &#8222;Am Vierenberg 30&#8220; und laufen p\u00fcnktlich um 18:30 Uhr los. Gelaufen wird hier in verschiedenen Gruppen und auf verschiedenen Strecken.  <\/p>\n\n\n\n<p class=\"has-black-color has-text-color has-link-color wp-elements-056d09c10a11e6155a23894e2505edfb\">J\u00e4hrlich wird von unserem Lauftreff auch der Volkslauf &#8222;Ummellauf&#8220; organisiert und wir geh\u00f6ren auch zu den gastgebenen Vereinen innerhalb der Winterlaufserie ROW, welche von Ende Oktober bis Anfang M\u00e4rz durchgef\u00fchrt wird. Termine &#8222;aus der Region&#8220; sind im Kalender zu finden, \u00dcbersichten zur Winterlaufserie ROW und zum Ummellauf findet ihr unter folgendem Link:<\/p>\n\n\n\n<h4 class=\"has-black-color has-text-color has-link-color\"><span style=\"color: #0000ff;\"><a style=\"color: #0000ff;\" href=\"https:\/\/www.ummel.de\/ummel\/termine-3\/\" data-type=\"page\" data-id=\"3030\"><span style=\"background-color: #ffff00;\">Termine Laufen<\/span><\/a><\/span><\/h4>\n\n\n\n<p><\/p>\n\n\n\n<p class=\"has-black-color has-text-color has-link-color wp-elements-2de2c121b96ae7cf84ad757b5282022e\"><strong>Ansprechpartner:<br><\/strong>Sonja Mehrtens und Andrea Glinsmann<br>E-Mail: <a href=\"mailto:Lauftreff@ummel.de\">Lauftreff@ummel.de<\/a> und <a href=\"mailto:Lauftreff@svehb.de\">Lauftreff@svehb.de<\/a><\/p>\n\n\n\n<p><\/p>\n\n\n\n<figure class=\"wp-block-image size-large is-resized\"><a href=\"https:\/\/www.ummel.de\/ummel\/wp-content\/uploads\/2023\/12\/2023-Winterlauf-Hepstedt-1.jpg\"><img loading=\"lazy\" decoding=\"async\" width=\"2048\" height=\"1152\" src=\"https:\/\/www.ummel.de\/ummel\/wp-content\/uploads\/2023\/12\/2023-Winterlauf-Hepstedt-1-edited.jpg\" alt=\"\" class=\"wp-image-3026\" style=\"width:776px;height:auto\" srcset=\"https:\/\/www.ummel.de\/ummel\/wp-content\/uploads\/2023\/12\/2023-Winterlauf-Hepstedt-1-edited.jpg 2048w, https:\/\/www.ummel.de\/ummel\/wp-content\/uploads\/2023\/12\/2023-Winterlauf-Hepstedt-1-edited-300x169.jpg 300w, https:\/\/www.ummel.de\/ummel\/wp-content\/uploads\/2023\/12\/2023-Winterlauf-Hepstedt-1-edited-1024x576.jpg 1024w, https:\/\/www.ummel.de\/ummel\/wp-content\/uploads\/2023\/12\/2023-Winterlauf-Hepstedt-1-edited-768x432.jpg 768w, https:\/\/www.ummel.de\/ummel\/wp-content\/uploads\/2023\/12\/2023-Winterlauf-Hepstedt-1-edited-1536x864.jpg 1536w\" sizes=\"auto, (max-width: 2048px) 100vw, 2048px\" \/><\/a><figcaption class=\"wp-element-caption\">Winterlauf 2023<\/figcaption><\/figure>\n","protected":false},"excerpt":{"rendered":"<p>Wir treffen uns donnerstags zum Laufen und sitzen im Anschluss sitzen gem\u00fctlich zusammen. Wann: Wir treffen uns Donnerstags ab 18:15 Uhr in Hepstedt im Sporthaus &#8222;Am Vierenberg 30&#8220; und laufen p\u00fcnktlich um 18:30 Uhr los. Gelaufen wird hier in verschiedenen<\/p>\n","protected":false},"author":16,"featured_media":0,"parent":0,"menu_order":0,"comment_status":"closed","ping_status":"closed","template":"","meta":{"footnotes":""},"class_list":["post-2503","page","type-page","status-publish","hentry"],"_links":{"self":[{"href":"https:\/\/www.ummel.de\/ummel\/wp-json\/wp\/v2\/pages\/2503","targetHints":{"allow":["GET"]}}],"collection":[{"href":"https:\/\/www.ummel.de\/ummel\/wp-json\/wp\/v2\/pages"}],"about":[{"href":"https:\/\/www.ummel.de\/ummel\/wp-json\/wp\/v2\/types\/page"}],"author":[{"embeddable":true,"href":"https:\/\/www.ummel.de\/ummel\/wp-json\/wp\/v2\/users\/16"}],"replies":[{"embeddable":true,"href":"https:\/\/www.ummel.de\/ummel\/wp-json\/wp\/v2\/comments?post=2503"}],"version-history":[{"count":21,"href":"https:\/\/www.ummel.de\/ummel\/wp-json\/wp\/v2\/pages\/2503\/revisions"}],"predecessor-version":[{"id":3377,"href":"https:\/\/www.ummel.de\/ummel\/wp-json\/wp\/v2\/pages\/2503\/revisions\/3377"}],"wp:attachment":[{"href":"https:\/\/www.ummel.de\/ummel\/wp-json\/wp\/v2\/media?parent=2503"}],"curies":[{"name":"wp","href":"https:\/\/api.w.org\/{rel}","templated":true}]}}